{"id":8,"date":"2012-09-30T12:48:06","date_gmt":"2012-09-30T10:48:06","guid":{"rendered":"http:\/\/annehodal.dk\/hafjell\/?page_id=8"},"modified":"2025-08-23T14:53:39","modified_gmt":"2025-08-23T12:53:39","slug":"rejsen","status":"publish","type":"page","link":"http:\/\/annehodal.dk\/hafjell\/om-turen\/rejsen\/","title":{"rendered":"Transport"},"content":{"rendered":"<h4>K\u00f8r-selv til Hafjell<\/h4>\n<p>Vi har tidligere booket en stor bus til at k\u00f8re os til og fra Hafjell. Men i Coronaens sidste efterd\u00f8nninger k\u00f8rte vi alle sammen selv og mange oplevede dette som en mere fleksibel m\u00e5de at rejse p\u00e5, dels fordi rejsetiden er kortere (ca. 8 timer) og dels fordi vi undg\u00e5r en masse b\u00f8vl med bagage frem-og-tilbage og ventetid p\u00e5 bussen i pejsestuen. Desuden giver k\u00f8r-selv mulighed for, at nogle ankommer fredag mens andre kommer s\u00f8ndag.<\/p>\n<p>Vi h\u00e5ber derfor, at alle der gerne vil med, har mulighed for at k\u00f8re selv. Ellers er I meget velkomne til at ringe eller skrive, hvis I vil h\u00f8re om vores erfaringer med at rejse med fx. fly, bus, tog.<\/p>\n<h3><\/h3>\n<h4>K\u00f8returen derop\/ankomst<\/h4>\n<p>Turen fra K\u00f8benhavn til Hafjell tager <u>lidt over 8 timer <\/u>i bil, hvis man k\u00f8rer i \u00e9t str\u00e6k.<\/p>\n<p><u>Hytterne er klar til ind-tjek p\u00e5 ankomstdagen (senest) kl. 21 <\/u>&#8211; men oftest er vi heldige, at de er klar tidligere. Man kan s\u00e5ledes v\u00e6lge flere k\u00f8rselsmodeller &#8211; og herunder er et par forslag, som vi eller andre p\u00e5 turen tidligere har testet:<\/p>\n<ul>\n<li><b>Den ene behagelige:<\/b> K\u00f8r hjemmefra tidligt om morgenen og ankom til Hafjell sidst p\u00e5 eftermiddagen. F\u00e5 styr p\u00e5 ski og liftkort og g\u00e5 direkte i hytten, lav aftensmad og f\u00e5 en god nats s\u00f8vn inden I st\u00e5r klar p\u00e5 pisten n\u00e6ste morgen.<br \/>\n(<b>Plus<\/b>: g\u00e5 direkte i hytten. <b>Minus<\/b>: misser en dag p\u00e5 ski).<\/li>\n<\/ul>\n<ul>\n<li><b>Den anden behagelige: <\/b>Tag en overnatning undervejs (find et godt sted eller tag evt. <i>Oslof\u00e6rgen<\/i>) og k\u00f8r det sidste stykke til Hafjell om morgenen, s\u00e5 I ankommer veludhvilede til at st\u00e5 klar p\u00e5 pisten fra om formiddagen. Tjek ind i hytten, n\u00e5r I har st\u00e5et en god dag p\u00e5 ski (bem\u00e6rk dog, at der kan v\u00e6re ventetid mellem lift-luk og hytte tjek.ind).<br \/>\n(<b>Plus<\/b>: maksimal udnyttelse af pistetid. <b>Minus<\/b>: ekstra udgift til overnatning)<\/li>\n<\/ul>\n<ul>\n<li><b>Den lidt mere hard-core: <\/b>K\u00f8r sent om aftenen dagen f\u00f8r og skift chauff\u00f8r undervejs, s\u00e5 alle f\u00e5r sovet. Ankom om morgenen og brug en dag p\u00e5 ski inden i tjekker ind i hytten.<br \/>\n(<b>Plus<\/b>: maksimal udnyttelse af pistetid og ingen ekstra udgift. <b>Minus<\/b>: natten tilbringes i bil, nogen skal k\u00f8re).<\/li>\n<\/ul>\n<h4><\/h4>\n<h4>Afrejse<\/h4>\n<p><u>Vi skal v\u00e6re ude af hytterne kl. 10 fredag d. 13. feb.<\/u><\/p>\n<p>De fleste vil nok v\u00e6lge at pakke bilen og tage en sidste hel eller halv dag p\u00e5 pisten inden snuden vendes mod Danmark igen! Men det bestemmer man selvf\u00f8lgelig helt selv&#8230;<\/p>\n<p><span style=\"color: #ffffff;\">x<\/span><\/p>\n<p style=\"text-align: center;\"><img loading=\"lazy\" decoding=\"async\" src=\"http:\/\/annehodal.dk\/hafjell\/wp-content\/rejsen.jpg\" alt=\"\" width=\"501\" height=\"228\" \/><\/p>\n<p>&#8211;<\/p>\n","protected":false},"excerpt":{"rendered":"<p>K\u00f8r-selv til Hafjell Vi har tidligere booket en stor bus til at k\u00f8re os til og fra Hafjell. Men i Coronaens sidste efterd\u00f8nninger k\u00f8rte vi alle sammen selv og mange oplevede dette som en mere fleksibel m\u00e5de at rejse p\u00e5, dels fordi rejsetiden er kortere (ca. 8 timer) og dels [&hellip;]<\/p>\n","protected":false},"author":1,"featured_media":1702,"parent":582,"menu_order":0,"comment_status":"closed","ping_status":"closed","template":"","meta":{"_themeisle_gutenberg_block_has_review":false,"footnotes":""},"class_list":["post-8","page","type-page","status-publish","has-post-thumbnail","hentry"],"_links":{"self":[{"href":"http:\/\/annehodal.dk\/hafjell\/wp-json\/wp\/v2\/pages\/8","targetHints":{"allow":["GET"]}}],"collection":[{"href":"http:\/\/annehodal.dk\/hafjell\/wp-json\/wp\/v2\/pages"}],"about":[{"href":"http:\/\/annehodal.dk\/hafjell\/wp-json\/wp\/v2\/types\/page"}],"author":[{"embeddable":true,"href":"http:\/\/annehodal.dk\/hafjell\/wp-json\/wp\/v2\/users\/1"}],"replies":[{"embeddable":true,"href":"http:\/\/annehodal.dk\/hafjell\/wp-json\/wp\/v2\/comments?post=8"}],"version-history":[{"count":105,"href":"http:\/\/annehodal.dk\/hafjell\/wp-json\/wp\/v2\/pages\/8\/revisions"}],"predecessor-version":[{"id":1882,"href":"http:\/\/annehodal.dk\/hafjell\/wp-json\/wp\/v2\/pages\/8\/revisions\/1882"}],"up":[{"embeddable":true,"href":"http:\/\/annehodal.dk\/hafjell\/wp-json\/wp\/v2\/pages\/582"}],"wp:featuredmedia":[{"embeddable":true,"href":"http:\/\/annehodal.dk\/hafjell\/wp-json\/wp\/v2\/media\/1702"}],"wp:attachment":[{"href":"http:\/\/annehodal.dk\/hafjell\/wp-json\/wp\/v2\/media?parent=8"}],"curies":[{"name":"wp","href":"https:\/\/api.w.org\/{rel}","templated":true}]}}