{"id":69,"date":"2011-09-21T14:28:39","date_gmt":"2011-09-21T12:28:39","guid":{"rendered":"http:\/\/annehodal.dk\/hafjell\/?page_id=69"},"modified":"2022-09-11T19:25:15","modified_gmt":"2022-09-11T17:25:15","slug":"arets-tur","status":"publish","type":"page","link":"http:\/\/annehodal.dk\/hafjell\/","title":{"rendered":"Forside"},"content":{"rendered":"<p><a href=\"http:\/\/annehodal.dk\/hafjell\/tilmelding\/\" role=\"button\"><br \/>\n\t\t\t\t\t\tTILMELDING<br \/>\n\t\t\t\t\t<\/a><\/p>\n<h2>Billeder fra turen<\/h2>\n<figure><img decoding=\"async\" src=\"http:\/\/annehodal.dk\/hafjell\/wp-content\/IMG_9615-300x300.jpg\" alt=\"IMG_9615\" \/><\/figure>\n<figure><img decoding=\"async\" src=\"http:\/\/annehodal.dk\/hafjell\/wp-content\/IMG_0256-300x300.jpg\" alt=\"IMG_0256\" \/><\/figure>\n<figure><img decoding=\"async\" src=\"http:\/\/annehodal.dk\/hafjell\/wp-content\/IMG_0913-300x300.jpg\" alt=\"IMG_0913\" \/><\/figure>\n<figure><img decoding=\"async\" src=\"http:\/\/annehodal.dk\/hafjell\/wp-content\/IMG_2603-300x300.jpg\" alt=\"IMG_2603\" \/><\/figure>\n<figure><img decoding=\"async\" src=\"http:\/\/annehodal.dk\/hafjell\/wp-content\/IMG_9614-300x300.jpg\" alt=\"IMG_9614\" \/><\/figure>\n<figure><img decoding=\"async\" src=\"http:\/\/annehodal.dk\/hafjell\/wp-content\/IMG_0111-300x300.jpg\" alt=\"IMG_0111\" \/><\/figure>\n<figure><img decoding=\"async\" src=\"http:\/\/annehodal.dk\/hafjell\/wp-content\/IMG_9649-300x225.jpg\" alt=\"IMG_9649\" \/><\/figure>\n<figure><img decoding=\"async\" src=\"http:\/\/annehodal.dk\/hafjell\/wp-content\/IMG_6373-300x225.jpg\" alt=\"IMG_6373\" \/><\/figure>\n<figure><img decoding=\"async\" src=\"http:\/\/annehodal.dk\/hafjell\/wp-content\/IMG_9646-300x225.jpg\" alt=\"IMG_9646\" \/><\/figure>\n<figure><img decoding=\"async\" src=\"http:\/\/annehodal.dk\/hafjell\/wp-content\/IMG_6394-e1537226443302-225x300.jpg\" alt=\"IMG_6394\" \/><\/figure>\n<figure><img decoding=\"async\" src=\"http:\/\/annehodal.dk\/hafjell\/wp-content\/IMG_6435-e1537226499267-225x300.jpg\" alt=\"IMG_6435\" \/><\/figure>\n<figure><img decoding=\"async\" src=\"http:\/\/annehodal.dk\/hafjell\/wp-content\/IMG_0077-300x225.jpg\" alt=\"IMG_0077\" \/><\/figure>\n<figure><img decoding=\"async\" src=\"http:\/\/annehodal.dk\/hafjell\/wp-content\/IMG_3610-e1537225567944-300x268.jpg\" alt=\"IMG_3610\" \/><\/figure>\n<figure><img decoding=\"async\" src=\"http:\/\/annehodal.dk\/hafjell\/wp-content\/IMG_9589-300x225.jpg\" alt=\"IMG_9589\" \/><\/figure>\n<figure><img decoding=\"async\" src=\"http:\/\/annehodal.dk\/hafjell\/wp-content\/IMG_6384-300x225.jpg\" alt=\"IMG_6384\" \/><\/figure>\n<figure><img decoding=\"async\" src=\"http:\/\/annehodal.dk\/hafjell\/wp-content\/IMG_2597-e1537226514445-225x300.jpg\" alt=\"IMG_2597\" \/><\/figure>\n<figure><img decoding=\"async\" src=\"http:\/\/annehodal.dk\/hafjell\/wp-content\/IMG_3585-300x225.jpg\" alt=\"IMG_3585\" \/><\/figure>\n<figure><img decoding=\"async\" src=\"http:\/\/annehodal.dk\/hafjell\/wp-content\/IMG_3513-300x225.jpg\" alt=\"IMG_3513\" \/><\/figure>\n<figure><img decoding=\"async\" src=\"http:\/\/annehodal.dk\/hafjell\/wp-content\/IMG_0917-300x225.jpg\" alt=\"IMG_0917\" \/><\/figure>\n<figure><img decoding=\"async\" src=\"http:\/\/annehodal.dk\/hafjell\/wp-content\/IMG_3516-300x225.jpg\" alt=\"IMG_3516\" \/><\/figure>\n<figure><img decoding=\"async\" src=\"http:\/\/annehodal.dk\/hafjell\/wp-content\/IMG_9578-300x300.jpg\" alt=\"IMG_9578\" \/><\/figure>\n<figure><img decoding=\"async\" src=\"http:\/\/annehodal.dk\/hafjell\/wp-content\/IMG_0126-300x225.jpg\" alt=\"IMG_0126\" \/><\/figure>\n<figure><img decoding=\"async\" src=\"http:\/\/annehodal.dk\/hafjell\/wp-content\/IMG_3512-e1537226486232-225x300.jpg\" alt=\"IMG_3512\" \/><\/figure>\n<figure><img decoding=\"async\" src=\"http:\/\/annehodal.dk\/hafjell\/wp-content\/IMG_0142-300x300.jpg\" alt=\"IMG_0142\" \/><\/figure>\n<figure><img decoding=\"async\" src=\"http:\/\/annehodal.dk\/hafjell\/wp-content\/IMG_0112-e1537226569789-225x300.jpg\" alt=\"IMG_0112\" \/><\/figure>\n<figure><img decoding=\"async\" src=\"http:\/\/annehodal.dk\/hafjell\/wp-content\/IMG_1125-e1537226528637-225x300.jpg\" alt=\"IMG_1125\" \/><\/figure>\n<figure><img decoding=\"async\" src=\"http:\/\/annehodal.dk\/hafjell\/wp-content\/IMG_0176-300x225.jpg\" alt=\"IMG_0176\" \/><\/figure>\n<figure><img decoding=\"async\" src=\"http:\/\/annehodal.dk\/hafjell\/wp-content\/IMG_1028-300x225.jpg\" alt=\"IMG_1028\" \/><\/figure>\n<figure><img decoding=\"async\" src=\"http:\/\/annehodal.dk\/hafjell\/wp-content\/IMG_2562-e1537224976753-225x300.jpg\" alt=\"IMG_2562\" \/><\/figure>\n<figure><img decoding=\"async\" src=\"http:\/\/annehodal.dk\/hafjell\/wp-content\/IMG_0060-300x225.jpg\" alt=\"IMG_0060\" \/><\/figure>\n<figure><img decoding=\"async\" src=\"http:\/\/annehodal.dk\/hafjell\/wp-content\/IMG_0254-300x300.jpg\" alt=\"IMG_0254\" \/><\/figure>\n<p>\t\t\t\t\t\t\t\t\t\t\t\tForrige<br \/>\n\t\t\t\t\t\t\t\t\t\t\t\tN\u00e6ste<\/p>\n<h2>F\u00f8lg med p\u00e5 facebook<\/h2>\n<p>\t\t\t\t\t\t\t\t\t\t\t\t\t<a href=\"https:\/\/www.facebook.com\/groups\/hodalpaahafjell\/\"><br \/>\n\t\t\t\t\t\t\t<img decoding=\"async\" width=\"300\" height=\"136\" src=\"http:\/\/annehodal.dk\/hafjell\/wp-content\/facebook-300x136.jpg\" alt=\"\" loading=\"lazy\" srcset=\"http:\/\/annehodal.dk\/hafjell\/wp-content\/facebook-300x136.jpg 300w, http:\/\/annehodal.dk\/hafjell\/wp-content\/facebook.jpg 482w\" sizes=\"auto, (max-width: 300px) 100vw, 300px\" \/>\t\t\t\t\t\t\t\t<\/a><\/p>\n<p>Nyheder og l\u00f8bende informationer deles altid i <a href=\"https:\/\/www.facebook.com\/groups\/hodalpaahafjell\/\" style=\"font-size: inherit;\">Facebookgruppen<\/a><\/p>\n<p>&#8211; s\u00f8rg endelig for at v\u00e6re med d\u00e9r!<\/p>\n<p>(Vigtige informationer til \u00e5rets deltagere sendes dog pr. mail)<\/p>\n","protected":false},"excerpt":{"rendered":"<p>TILMELDING Billeder fra turen Forrige N\u00e6ste F\u00f8lg med p\u00e5 facebook Nyheder og l\u00f8bende informationer deles altid i Facebookgruppen &#8211; s\u00f8rg endelig for at v\u00e6re med d\u00e9r! (Vigtige informationer til \u00e5rets deltagere sendes dog pr. mail)<\/p>\n","protected":false},"author":1,"featured_media":0,"parent":0,"menu_order":0,"comment_status":"closed","ping_status":"closed","template":"","meta":{"_themeisle_gutenberg_block_has_review":false,"footnotes":""},"class_list":["post-69","page","type-page","status-publish","hentry"],"_links":{"self":[{"href":"http:\/\/annehodal.dk\/hafjell\/wp-json\/wp\/v2\/pages\/69","targetHints":{"allow":["GET"]}}],"collection":[{"href":"http:\/\/annehodal.dk\/hafjell\/wp-json\/wp\/v2\/pages"}],"about":[{"href":"http:\/\/annehodal.dk\/hafjell\/wp-json\/wp\/v2\/types\/page"}],"author":[{"embeddable":true,"href":"http:\/\/annehodal.dk\/hafjell\/wp-json\/wp\/v2\/users\/1"}],"replies":[{"embeddable":true,"href":"http:\/\/annehodal.dk\/hafjell\/wp-json\/wp\/v2\/comments?post=69"}],"version-history":[{"count":300,"href":"http:\/\/annehodal.dk\/hafjell\/wp-json\/wp\/v2\/pages\/69\/revisions"}],"predecessor-version":[{"id":1713,"href":"http:\/\/annehodal.dk\/hafjell\/wp-json\/wp\/v2\/pages\/69\/revisions\/1713"}],"wp:attachment":[{"href":"http:\/\/annehodal.dk\/hafjell\/wp-json\/wp\/v2\/media?parent=69"}],"curies":[{"name":"wp","href":"https:\/\/api.w.org\/{rel}","templated":true}]}}