{"id":658,"date":"2013-08-28T16:02:46","date_gmt":"2013-08-28T14:02:46","guid":{"rendered":"http:\/\/annehodal.dk\/hafjell\/?page_id=658"},"modified":"2025-08-23T15:12:46","modified_gmt":"2025-08-23T13:12:46","slug":"liftkort-ski-skiskole","status":"publish","type":"page","link":"http:\/\/annehodal.dk\/hafjell\/om-turen\/liftkort-ski-skiskole\/","title":{"rendered":"Liftkort, ski, skiskole"},"content":{"rendered":"<h3>LIFTKORT<\/h3>\n<p>Vi f\u00e5r en lille <strong><em>grupperabat<\/em><\/strong> p\u00e5 liftkortene, n\u00e5r vi p\u00e5 forh\u00e5nd bestiller samlet &#8211; men det svarer ca. til den online-rabat I ogs\u00e5 selv kan f\u00e5 n\u00e5r I bestiller p\u00e5 forh\u00e5nd. S\u00e5 det nemmeste er faktisk, at I selv bestiller liftkort online, s\u00e5 I selv har helt styr p\u00e5 det. Der er automater b\u00e5de oppe, hvor vi bor, og nede for foden af fjeldet.<\/p>\n<p>OBS! Har I gemt jeres liftkort fra sidste \u00e5r, kan man spare udgiften til et nyt ved blot at &#8216;tanke op&#8217; p\u00e5 det gamle.<\/p>\n<p>Se <a href=\"https:\/\/www.alpinco.com\/no\/hafjell\/skipass\">priser her<\/a><\/p>\n<p>Se ogs\u00e5:\u00a0<a href=\"http:\/\/annehodal.dk\/hafjell\/hafjell\/pistekort\/\">pistekort<\/a><\/p>\n<p>&#8211;<\/p>\n<hr \/>\n<h3>LEJE AF UDSTYR<\/h3>\n<p>Vi f\u00e5r <b>15 %\u00a0<\/b><strong>rabat<\/strong> p\u00e5 leje af skiudstyr og skiservice.<\/p>\n<p><span style=\"color: #e63c77;\"><strong>Skiene skal bestilles hjemmefra\u00a0<span style=\"text-decoration: underline;\">inden d. 15. januar <\/span>via et link, I f\u00e5r tilsendt p\u00e5 mail efter tilmelding<\/strong><\/span>. P\u00e5 <a href=\"https:\/\/easyresv3.wintersteiger.at\/index_easyrent.php?step=1&amp;shop_id=100161&amp;sprache=nor\" target=\"_blank\" rel=\"noopener\">Hafjell Skileies onlineformular<\/a> kan I l\u00e6se mere om de forskellige pakker (men bestil ikke der :).\u00a0<\/p>\n<p><u>Bem\u00e6rk at skiene skal betales ved bestilling!<\/u><\/p>\n<p>&#8211;<\/p>\n<hr \/>\n<h3>SKISKOLE<\/h3>\n<p>Har I brug for skiundervisning, skal I kontakte <a href=\"https:\/\/www.hafjell.no\/hafjellskiskole\">Skiskolen i Hafjell<\/a>. Der er mulighed for gruppeundervisning og privatundervisning. Bem\u00e6rk, at der er en meget fin begynderbakke lige hvor vi bor &#8211; her kan man sagtens starte med at \u00f8ve sig, hvis man er helt ny p\u00e5 ski.<\/p>\n<p><span style=\"text-decoration: underline;\">Det anbefales at booke i god tid.<\/span> Har I sp\u00f8rgsm\u00e5l, s\u00e5 stil dem evt. i <a href=\"https:\/\/www.facebook.com\/groups\/hodalpaahafjell\/\">facebookgruppen<\/a> &#8211; der er ofte nogen, som har erfaringer at dele ud af &#8211; og m\u00e5ske ogs\u00e5 nogen man kan f\u00f8lges med.<\/p>\n<p>&#8211;<\/p>\n<p><img loading=\"lazy\" decoding=\"async\" src=\"http:\/\/annehodal.dk\/hafjell\/wp-content\/gondoler.jpg\" alt=\"\" width=\"468\" height=\"313\" \/><\/p>\n\n\n<p>&#8211;<\/p>\n<p>\n\n\n<\/p>\n<p>\n\n\n<\/p>\n<p>&#8211;<\/p>\n<p>\n\n\n<\/p>\n<p>\n\n\n<\/p>\n<p>\n\n\n<\/p>","protected":false},"excerpt":{"rendered":"<p>LIFTKORT Vi f\u00e5r en lille grupperabat p\u00e5 liftkortene, n\u00e5r vi p\u00e5 forh\u00e5nd bestiller samlet &#8211; men det svarer ca. til den online-rabat I ogs\u00e5 selv kan f\u00e5 n\u00e5r I bestiller p\u00e5 forh\u00e5nd. S\u00e5 det nemmeste er faktisk, at I selv bestiller liftkort online, s\u00e5 I selv har helt styr p\u00e5 [&hellip;]<\/p>\n","protected":false},"author":1,"featured_media":929,"parent":582,"menu_order":4,"comment_status":"closed","ping_status":"open","template":"","meta":{"_themeisle_gutenberg_block_has_review":false,"footnotes":""},"class_list":["post-658","page","type-page","status-publish","has-post-thumbnail","hentry"],"_links":{"self":[{"href":"http:\/\/annehodal.dk\/hafjell\/wp-json\/wp\/v2\/pages\/658","targetHints":{"allow":["GET"]}}],"collection":[{"href":"http:\/\/annehodal.dk\/hafjell\/wp-json\/wp\/v2\/pages"}],"about":[{"href":"http:\/\/annehodal.dk\/hafjell\/wp-json\/wp\/v2\/types\/page"}],"author":[{"embeddable":true,"href":"http:\/\/annehodal.dk\/hafjell\/wp-json\/wp\/v2\/users\/1"}],"replies":[{"embeddable":true,"href":"http:\/\/annehodal.dk\/hafjell\/wp-json\/wp\/v2\/comments?post=658"}],"version-history":[{"count":72,"href":"http:\/\/annehodal.dk\/hafjell\/wp-json\/wp\/v2\/pages\/658\/revisions"}],"predecessor-version":[{"id":1888,"href":"http:\/\/annehodal.dk\/hafjell\/wp-json\/wp\/v2\/pages\/658\/revisions\/1888"}],"up":[{"embeddable":true,"href":"http:\/\/annehodal.dk\/hafjell\/wp-json\/wp\/v2\/pages\/582"}],"wp:featuredmedia":[{"embeddable":true,"href":"http:\/\/annehodal.dk\/hafjell\/wp-json\/wp\/v2\/media\/929"}],"wp:attachment":[{"href":"http:\/\/annehodal.dk\/hafjell\/wp-json\/wp\/v2\/media?parent=658"}],"curies":[{"name":"wp","href":"https:\/\/api.w.org\/{rel}","templated":true}]}}