{"id":582,"date":"2012-10-25T10:30:06","date_gmt":"2012-10-25T08:30:06","guid":{"rendered":"http:\/\/annehodal.dk\/hafjell\/?page_id=582"},"modified":"2023-08-27T22:57:09","modified_gmt":"2023-08-27T20:57:09","slug":"om-turen","status":"publish","type":"page","link":"http:\/\/annehodal.dk\/hafjell\/om-turen\/","title":{"rendered":"Om turen"},"content":{"rendered":"<h3>HISTORIEN<\/h3>\n<p>Turen til Hafjell blev oprindeligt startet i 1994 af Gry og Lasse Hodal (mine svigerfor\u00e6ldre) &#8211; som samlede familie, venner, kolleger m.fl. om at lave en stor f\u00e6lles skitur med alle de sociale og \u00f8konomiske fordele d\u00e9t indebar.<\/p>\n<p>Turen har gennem alle \u00e5rene v\u00e6ret et stort hit og der er folk, som har v\u00e6ret med os hvert eneste \u00e5r &#8211; og en masse, der vender tilbage igen og igen.<\/p>\n<p>Jeg overtog den praktiske koordinering af turen i 2005 &#8211; og selv om der hvert \u00e5r bliver justeret lidt hist og pist for at optimere oplevelsen, er konceptet i sin grundform det samme som i 1994. Den \u00f8vrige Hodal-familie l\u00f8fter stadig hver \u00e5r en del af det praktiske arbejde. Vi kender rumlen, og vi ved, hvad der skal til for at det bliver rigtig godt, vi ved hvad der venter og vi ved, hvordan vi l\u00f8ser evt. udfordringer, der m\u00e5tte opst\u00e5 undervejs.<\/p>\n<h3>VI ER IKKE ET REJSEBUREAU<\/h3>\n<p><strong>Turen er ikke &#8211; og vil aldrig blive &#8211; kommerciel i nogen form. <\/strong>Der er ingen, der skal tjene penge p\u00e5 den og vi er ikke noget rejsebureau. N\u00e5r man tilmelder sig, er det derfor p\u00e5 vilk\u00e5r, der kan sammenlignes med, at man gik sammen med sine venner om at rejse sammen &#8211; hvor \u00e9n i gruppen st\u00e5r for det praktiske ifm. bestillingen. I dette tilf\u00e6lde er jeg alts\u00e5 jeres praktiske ven: Min rolle er at st\u00e5 for booking, forhandle priser\/rabatter, koordinere med udlejere, liftkortudsteder, skiudlejning mv. samt planl\u00e6gge arrangementer og v\u00e6re til r\u00e5dighed for jer p\u00e5 turen i relation til ovenst\u00e5ende.<\/p>\n<p>Jeg g\u00f8r det frivilligt og udelukkende fordi, jeg synes, det er sjovt &#8211; og fordi vi hvert \u00e5r nyder at kunne tage afsted p\u00e5 ferie sammen med en masse dejlige mennesker, som g\u00f8r hver tur helt speciel og hyggelig b\u00e5de for store og sm\u00e5. Dog s\u00e6tter vi altid pris p\u00e5 en hj\u00e6lpende h\u00e5nd fra dem, der er med p\u00e5 turen!<\/p>\n<p>Vi h\u00e5ber, I vil med :)<\/p>\n<p>\/Anne<\/p>\n<p><img loading=\"lazy\" decoding=\"async\" src=\"http:\/\/annehodal.dk\/hafjell\/wp-content\/anne2.jpg\" alt=\"\" width=\"500\" height=\"375\" \/><\/p>\n","protected":false},"excerpt":{"rendered":"<p>HISTORIEN Turen til Hafjell blev oprindeligt startet i 1994 af Gry og Lasse Hodal (mine svigerfor\u00e6ldre) &#8211; som samlede familie, venner, kolleger m.fl. om at lave en stor f\u00e6lles skitur med alle de sociale og \u00f8konomiske fordele d\u00e9t indebar. Turen har gennem alle \u00e5rene v\u00e6ret et stort hit og der [&hellip;]<\/p>\n","protected":false},"author":1,"featured_media":85,"parent":0,"menu_order":-5,"comment_status":"closed","ping_status":"closed","template":"","meta":{"_themeisle_gutenberg_block_has_review":false,"footnotes":""},"class_list":["post-582","page","type-page","status-publish","has-post-thumbnail","hentry"],"_links":{"self":[{"href":"http:\/\/annehodal.dk\/hafjell\/wp-json\/wp\/v2\/pages\/582","targetHints":{"allow":["GET"]}}],"collection":[{"href":"http:\/\/annehodal.dk\/hafjell\/wp-json\/wp\/v2\/pages"}],"about":[{"href":"http:\/\/annehodal.dk\/hafjell\/wp-json\/wp\/v2\/types\/page"}],"author":[{"embeddable":true,"href":"http:\/\/annehodal.dk\/hafjell\/wp-json\/wp\/v2\/users\/1"}],"replies":[{"embeddable":true,"href":"http:\/\/annehodal.dk\/hafjell\/wp-json\/wp\/v2\/comments?post=582"}],"version-history":[{"count":28,"href":"http:\/\/annehodal.dk\/hafjell\/wp-json\/wp\/v2\/pages\/582\/revisions"}],"predecessor-version":[{"id":1815,"href":"http:\/\/annehodal.dk\/hafjell\/wp-json\/wp\/v2\/pages\/582\/revisions\/1815"}],"wp:featuredmedia":[{"embeddable":true,"href":"http:\/\/annehodal.dk\/hafjell\/wp-json\/wp\/v2\/media\/85"}],"wp:attachment":[{"href":"http:\/\/annehodal.dk\/hafjell\/wp-json\/wp\/v2\/media?parent=582"}],"curies":[{"name":"wp","href":"https:\/\/api.w.org\/{rel}","templated":true}]}}