{"id":5,"date":"2011-09-21T14:55:55","date_gmt":"2011-09-21T12:55:55","guid":{"rendered":"http:\/\/annehodal.dk\/hafjell\/?page_id=5"},"modified":"2025-08-23T14:55:56","modified_gmt":"2025-08-23T12:55:56","slug":"hytter","status":"publish","type":"page","link":"http:\/\/annehodal.dk\/hafjell\/om-turen\/hytter\/","title":{"rendered":"Hytter\/lejligheder"},"content":{"rendered":"<p style=\"text-align: left;\">Vi bor alle sammen p\u00e5 toppen af Hafjell, i hytter lige ud til pisterne (ski ind\/ski ud). Stedet hedder <strong>Gaiastova<\/strong> og er et meget norsk og hyggeligt lille landskab af hytte-lejligheder med smuk udsigt over dalen og fine faciliteter.<\/p>\n<p style=\"text-align: left;\">De fleste af vores lejligheder ligger omkring den samme lille vej &#8211; og enkelte p\u00e5 en n\u00e6r sidevej -, s\u00e5 alle kommer til at bo i n\u00e6rheden af hinanden. Der er i \u00e5r 5 stk. 11-personers-hytter og 6 mindre lejligheder med plads til 5-8 personer. Vi kan muligvis ogs\u00e5 skaffe til hhv. 4 og 2 pers.<\/p>\n<p style=\"text-align: left;\">L\u00e6s mere <a href=\"https:\/\/gaiastova.no\/index.php\/bo-ved-gaiastova\/overnatting-i-hafjell\">her.<\/a><\/p>\n<hr \/>\n<h4><\/h4>\n<h4>STORE \u00a0HYTTER (11 sengepladser)<\/h4>\n<p><img loading=\"lazy\" decoding=\"async\" src=\"http:\/\/annehodal.dk\/hafjell\/wp-content\/11-pers-udefra.jpeg\" alt=\"\" width=\"350\" height=\"350\" \/><\/p>\n<p>De store 11-pers hytter er\u00a0bygget i 2014 og er nye og l\u00e6kre med formidabel udsigt over dalen!<\/p>\n<p>Hytterne er opdelt i 2 etager: \u00f8verst 4 sovev\u00e6relser (2 + 3 + 3 + 3) og bad (inkl. vaskemaskine) og nederst stort k\u00f8kken-alrum med rummeligt k\u00f8kken (inkl. mikro og opvaskemaskine), spiseplads \u00a0og hyggelig stue med TV samt bad og SAUNA. Der er desuden wifi, t\u00f8rreskab og egen skistald.<\/p>\n<p>En fin ekstra feature er, at man kan \u00e5bne en d\u00f8r mellem 2 hytter og p\u00e5 den m\u00e5de &#8220;bo&#8221; op til 22 personer sammen &#8211; hvis man \u00f8nsker!<br \/>\n<a href=\"https:\/\/www.hafjellresort.no\/bestill\/overnatting\/a1426166\/hafjelltoppen-apartments-gaiastova\/detaljer\" target=\"_blank\" rel=\"noopener noreferrer\">L\u00e6s evt. mere om hytterne her<\/a>.<\/p>\n<p>Slutreng\u00f8ring er inkluderet i prisen. Barneseng\/-stol findes i hytten. Linned\/h\u00e5ndkl\u00e6der kan medbringes eller lejes.<\/p>\n<h3><\/h3>\n<hr \/>\n<h4><\/h4>\n<h4>MELLEM\/SM\u00c5 HYTTER (5-8 sengepladser)<\/h4>\n<p><img loading=\"lazy\" decoding=\"async\" src=\"http:\/\/annehodal.dk\/hafjell\/wp-content\/billede_alm_560.jpg\" alt=\"\" width=\"231\" height=\"155\" \/><\/p>\n<p><a href=\"http:\/\/annehodal.dk\/hafjell\/wp-content\/Screenshot-2022-09-11-at-18.37.49.png\"><img loading=\"lazy\" decoding=\"async\" src=\"http:\/\/annehodal.dk\/hafjell\/wp-content\/Screenshot-2022-09-11-at-18.37.49-300x200.png\" alt=\"\" width=\"229\" height=\"152\" \/><\/a><\/p>\n<p>De sm\u00e5 og mellem hytter\/lejligheder har 2-8 sengepladser. Sengene er fordelt i 2 eller 3\u00a0sovev\u00e6relser (\u00e9t med dobbeltseng og \u00e9t eller to med k\u00f8jer &#8211; de varierer en smule).<\/p>\n<p>Hytterne har desuden k\u00f8kken m\/opvaskemaskine, bad, stue m\/tv. De er nyrenoverede og nogle ligger LIGE foran bakken mens andre ligger 100 m nede af vejen med meget smuk udsigt over dalen.\u00a0<a href=\"http:\/\/www.fjeldferie.dk\/skiferie\/norge\/hafjell\/gaiastova-hafjelltoppen\/\" target=\"_blank\" rel=\"noopener noreferrer\"><\/a><\/p>\n<p>Slutreng\u00f8ring er inkluderet i prisen. Barneseng\/-stol kan lejes, linned\/h\u00e5ndkl\u00e6der kan medbringes eller lejes.<\/p>\n","protected":false},"excerpt":{"rendered":"<p>Vi bor alle sammen p\u00e5 toppen af Hafjell, i hytter lige ud til pisterne (ski ind\/ski ud). Stedet hedder Gaiastova og er et meget norsk og hyggeligt lille landskab af hytte-lejligheder med smuk udsigt over dalen og fine faciliteter. De fleste af vores lejligheder ligger omkring den samme lille vej [&hellip;]<\/p>\n","protected":false},"author":1,"featured_media":951,"parent":582,"menu_order":2,"comment_status":"closed","ping_status":"closed","template":"","meta":{"_themeisle_gutenberg_block_has_review":false,"footnotes":""},"class_list":["post-5","page","type-page","status-publish","has-post-thumbnail","hentry"],"_links":{"self":[{"href":"http:\/\/annehodal.dk\/hafjell\/wp-json\/wp\/v2\/pages\/5","targetHints":{"allow":["GET"]}}],"collection":[{"href":"http:\/\/annehodal.dk\/hafjell\/wp-json\/wp\/v2\/pages"}],"about":[{"href":"http:\/\/annehodal.dk\/hafjell\/wp-json\/wp\/v2\/types\/page"}],"author":[{"embeddable":true,"href":"http:\/\/annehodal.dk\/hafjell\/wp-json\/wp\/v2\/users\/1"}],"replies":[{"embeddable":true,"href":"http:\/\/annehodal.dk\/hafjell\/wp-json\/wp\/v2\/comments?post=5"}],"version-history":[{"count":59,"href":"http:\/\/annehodal.dk\/hafjell\/wp-json\/wp\/v2\/pages\/5\/revisions"}],"predecessor-version":[{"id":1884,"href":"http:\/\/annehodal.dk\/hafjell\/wp-json\/wp\/v2\/pages\/5\/revisions\/1884"}],"up":[{"embeddable":true,"href":"http:\/\/annehodal.dk\/hafjell\/wp-json\/wp\/v2\/pages\/582"}],"wp:featuredmedia":[{"embeddable":true,"href":"http:\/\/annehodal.dk\/hafjell\/wp-json\/wp\/v2\/media\/951"}],"wp:attachment":[{"href":"http:\/\/annehodal.dk\/hafjell\/wp-json\/wp\/v2\/media?parent=5"}],"curies":[{"name":"wp","href":"https:\/\/api.w.org\/{rel}","templated":true}]}}