{"id":17,"date":"2011-09-21T11:39:48","date_gmt":"2011-09-21T09:39:48","guid":{"rendered":"http:\/\/annehodal.dk\/hafjell\/?page_id=17"},"modified":"2025-08-23T15:19:25","modified_gmt":"2025-08-23T13:19:25","slug":"hafjell","status":"publish","type":"page","link":"http:\/\/annehodal.dk\/hafjell\/hafjell\/","title":{"rendered":"Om Hafjell"},"content":{"rendered":"<p><a href=\"http:\/\/www.hafjell.no\">Hafjell<\/a> ligger ca. 15 km nord for Lillehammar og er oprindeligt en del af det gamle Vinter-OL-omr\u00e5de fra 1994. Siden er der sket en hel masse mere og stedet er blandt Norges ypperste skiomr\u00e5der.<\/p>\n<p>P\u00e5 Hafjell bor vi p\u00e5 toppen af pistene med mulighed for masser af alpint, telemark og snowboard (inkl. stor snowboardpark) samt ca. 300 km. optrukne langrendsl\u00f8jper.<\/p>\n<p style=\"padding-left: 30px;\"><a href=\"http:\/\/annehodal.dk\/hafjell\/wp-content\/kort_norge.gif\"><img loading=\"lazy\" decoding=\"async\" class=\"aligncenter size-full wp-image-113\" title=\"kort_norge\" src=\"http:\/\/annehodal.dk\/hafjell\/wp-content\/kort_norge.gif\" alt=\"kort_norge\" width=\"233\" height=\"337\" \/><\/a><\/p>\n<h3>FAKTA OM HAFJELL<\/h3>\n<ul>\n<li>Toppstasjon 1059\u00a0m<\/li>\n<li>Bunnstasjon 195 m<\/li>\n<li>H\u00f8ydemeter 864\u00a0m<\/li>\n<li>46 km alpinl\u00f8yper<\/li>\n<li>33\u00a0L\u00f8yper; 8 bl\u00e5, 14\u00a0gr\u00f8nne, 8 r\u00f8de, 3 sorte<\/li>\n<li>3 KIDS familieomr\u00e5der<\/li>\n<li>4 Terrengparker<\/li>\n<li>1 Gondol<\/li>\n<li>18 heiser; 4 stolheiser, 5 T-krok, 6 tallerkenheiser, 3 rulleb\u00e5nd<\/li>\n<li>Lengste nedfart 7 km<\/li>\n<li>Kveldskj\u00f8ring tirs-tors; 7 km flombelyste alpinl\u00f8yper + park (Backyard)<\/li>\n<li>300 km preparerte langrennsl\u00f8yper \u2013 600 km med tilknytning til Sjusj\u00f8en<\/li>\n<li>6 km lysl\u00f8ype for langrenn<\/li>\n<li>Sn\u00f8anlegg dekker 90 %<\/li>\n<\/ul>\n<p>L\u00e6s mere p\u00e5\u00a0<a href=\"http:\/\/www.hafjell.no\/default.asp?menu=2120&amp;page=2875\" target=\"_blank\" rel=\"noopener\">Hafjell.no<\/a><\/p>\n<h4>FACTS OM DET NYE OMR\u00c5DE &#8211; &#8220;HAFJELL 360&#8221;<\/h4>\n<ul>\n<li>Ny 6 seter stolheis med kapasitet p\u00e5 2600 personer i timen<\/li>\n<li>Lengde 2000 meter<\/li>\n<li>Full comfort, med vindbobler og varme i stolsetene<\/li>\n<li>Kj\u00f8rehastighetp\u00e5 6 m\/s, kj\u00f8retid\u00a0til topps p\u00e5 5 min og 35 sek<\/li>\n<li>5 km med nye og utvidede familiel\u00f8yper<\/li>\n<li>Sn\u00f8produksjonsanlegg<\/li>\n<li>Nytt og forbedret &#8220;Frontyard for Kids&#8221;<\/li>\n<\/ul>\n<p>L\u00e6s mere <a href=\"https:\/\/www.hafjell.no\/hafjell360\">her<\/a><a href=\"http:\/\/www.hafjell.no\/default.asp?menu=2120&amp;page=2875\" target=\"_blank\" rel=\"noopener\"><\/a><\/p>\n","protected":false},"excerpt":{"rendered":"<p>Hafjell ligger ca. 15 km nord for Lillehammar og er oprindeligt en del af det gamle Vinter-OL-omr\u00e5de fra 1994. Siden er der sket en hel masse mere og stedet er blandt Norges ypperste skiomr\u00e5der. P\u00e5 Hafjell bor vi p\u00e5 toppen af pistene med mulighed for masser af alpint, telemark og [&hellip;]<\/p>\n","protected":false},"author":1,"featured_media":561,"parent":0,"menu_order":-4,"comment_status":"closed","ping_status":"closed","template":"","meta":{"_themeisle_gutenberg_block_has_review":false,"footnotes":""},"class_list":["post-17","page","type-page","status-publish","has-post-thumbnail","hentry"],"_links":{"self":[{"href":"http:\/\/annehodal.dk\/hafjell\/wp-json\/wp\/v2\/pages\/17","targetHints":{"allow":["GET"]}}],"collection":[{"href":"http:\/\/annehodal.dk\/hafjell\/wp-json\/wp\/v2\/pages"}],"about":[{"href":"http:\/\/annehodal.dk\/hafjell\/wp-json\/wp\/v2\/types\/page"}],"author":[{"embeddable":true,"href":"http:\/\/annehodal.dk\/hafjell\/wp-json\/wp\/v2\/users\/1"}],"replies":[{"embeddable":true,"href":"http:\/\/annehodal.dk\/hafjell\/wp-json\/wp\/v2\/comments?post=17"}],"version-history":[{"count":18,"href":"http:\/\/annehodal.dk\/hafjell\/wp-json\/wp\/v2\/pages\/17\/revisions"}],"predecessor-version":[{"id":1893,"href":"http:\/\/annehodal.dk\/hafjell\/wp-json\/wp\/v2\/pages\/17\/revisions\/1893"}],"wp:featuredmedia":[{"embeddable":true,"href":"http:\/\/annehodal.dk\/hafjell\/wp-json\/wp\/v2\/media\/561"}],"wp:attachment":[{"href":"http:\/\/annehodal.dk\/hafjell\/wp-json\/wp\/v2\/media?parent=17"}],"curies":[{"name":"wp","href":"https:\/\/api.w.org\/{rel}","templated":true}]}}