{"id":11,"date":"2012-09-19T13:03:23","date_gmt":"2012-09-19T11:03:23","guid":{"rendered":"http:\/\/annehodal.dk\/hafjell\/?page_id=11"},"modified":"2025-09-23T21:25:38","modified_gmt":"2025-09-23T19:25:38","slug":"tilmelding","status":"publish","type":"page","link":"http:\/\/annehodal.dk\/hafjell\/tilmelding\/","title":{"rendered":"Tilmelding"},"content":{"rendered":"<h3>Tilmelding til \u00e5rets skitur sker ved at udfylde vores <a href=\"https:\/\/docs.google.com\/forms\/d\/e\/1FAIpQLSfUYs6qvKCSuyE8LoZwkxF9xQ4dTLX_ZocMNoMvemFb-0FguQ\/viewform?usp=dialog\"><span style=\"text-decoration: underline;\">tilmeldingsformular.<\/span><\/a><\/h3>\n<p><span style=\"color: #ffffff;\">&#8211;<\/span><\/p>\n<h5>Husk<\/h5>\n<p style=\"font-size: 18px;\">Ved tilmelding skal I have besluttet hvilken st\u00f8rrelse hytte\/lejlighed, I \u00f8nsker og hvor mange dage.<\/p>\n<p style=\"font-size: 18px;\"><em>P-licenser, sengelinned, h\u00e5ndkl\u00e6der og baby-udstyr<\/em> kan ogs\u00e5 bestilles her &#8211; og kan ogs\u00e5 bestilles senere.<\/p>\n<p><span style=\"color: #ffffff;\">&#8211;<\/span><\/p>\n<h5>Bekr\u00e6ftelse<\/h5>\n<p style=\"font-size: 18px;\">N\u00e5r vi har modtaget tilmeldingen, vil I f\u00e5 en bekr\u00e6ftelses-mail, hvor den samlede pris ogs\u00e5 vil fremg\u00e5. <span style=\"text-decoration: underline;\">Bem\u00e6rk dog at mailen ikke kommer automatisk \u2013 vi samler ofte op i den f\u00f8lgende weekend :)<\/span><\/p>\n<p style=\"font-size: 18px;\"><strong><em>Tilmeldingen er f\u00f8rst endelig, n\u00e5r du har modtaget bekr\u00e6ftelse og vi har modtaget depositum!<\/em><\/strong><\/p>\n<p><span style=\"color: #ffffff;\">&#8211;<\/span><\/p>\n<h5>Betaling<\/h5>\n<p style=\"font-size: 18px;\">Depositum = 50% af turprisen, indbetales senest 8 dage efter modtagelse af bekr\u00e6ftelse.<\/p>\n<p style=\"font-size: 18px;\">Indbetaling af restbel\u00f8b senest 26. december 2025.<\/p>\n<p><span style=\"color: #ffffff;\">&#8211;<\/span><\/p>\n<h5>F\u00f8rst til m\u00f8lle!<\/h5>\n<p style=\"font-size: 18px;\">Tilmelding sker efter\u00a0<em style=\"color: #000000;\">f\u00f8rst-til-m\u00f8lle-princippet\u00a0<\/em>&#8211; indtil alle\u00a0hytter er fyldt op.<\/p>\n<p><span style=\"color: #ffffff;\">&#8211;<\/span><span style=\"color: #ffffff;\">&#8211;<\/span><span style=\"color: #ffffff;\">&#8211;<\/span><\/p>\n<p><span style=\"color: #ffffff;\">&#8211;<\/span><\/p>\n","protected":false},"excerpt":{"rendered":"<p>Tilmelding til \u00e5rets skitur sker ved at udfylde vores tilmeldingsformular. &#8211; Husk Ved tilmelding skal I have besluttet hvilken st\u00f8rrelse hytte\/lejlighed, I \u00f8nsker og hvor mange dage. P-licenser, sengelinned, h\u00e5ndkl\u00e6der og baby-udstyr kan ogs\u00e5 bestilles her &#8211; og kan ogs\u00e5 bestilles senere. &#8211; Bekr\u00e6ftelse N\u00e5r vi har modtaget tilmeldingen, vil [&hellip;]<\/p>\n","protected":false},"author":1,"featured_media":951,"parent":0,"menu_order":-3,"comment_status":"closed","ping_status":"closed","template":"","meta":{"_themeisle_gutenberg_block_has_review":false,"footnotes":""},"class_list":["post-11","page","type-page","status-publish","has-post-thumbnail","hentry"],"_links":{"self":[{"href":"http:\/\/annehodal.dk\/hafjell\/wp-json\/wp\/v2\/pages\/11","targetHints":{"allow":["GET"]}}],"collection":[{"href":"http:\/\/annehodal.dk\/hafjell\/wp-json\/wp\/v2\/pages"}],"about":[{"href":"http:\/\/annehodal.dk\/hafjell\/wp-json\/wp\/v2\/types\/page"}],"author":[{"embeddable":true,"href":"http:\/\/annehodal.dk\/hafjell\/wp-json\/wp\/v2\/users\/1"}],"replies":[{"embeddable":true,"href":"http:\/\/annehodal.dk\/hafjell\/wp-json\/wp\/v2\/comments?post=11"}],"version-history":[{"count":203,"href":"http:\/\/annehodal.dk\/hafjell\/wp-json\/wp\/v2\/pages\/11\/revisions"}],"predecessor-version":[{"id":1902,"href":"http:\/\/annehodal.dk\/hafjell\/wp-json\/wp\/v2\/pages\/11\/revisions\/1902"}],"wp:featuredmedia":[{"embeddable":true,"href":"http:\/\/annehodal.dk\/hafjell\/wp-json\/wp\/v2\/media\/951"}],"wp:attachment":[{"href":"http:\/\/annehodal.dk\/hafjell\/wp-json\/wp\/v2\/media?parent=11"}],"curies":[{"name":"wp","href":"https:\/\/api.w.org\/{rel}","templated":true}]}}