{"id":10,"date":"2011-09-21T15:54:54","date_gmt":"2011-09-21T13:54:54","guid":{"rendered":"http:\/\/annehodal.dk\/hafjell\/?page_id=10"},"modified":"2025-11-02T01:00:34","modified_gmt":"2025-11-01T23:00:34","slug":"priser","status":"publish","type":"page","link":"http:\/\/annehodal.dk\/hafjell\/tilmelding\/priser\/","title":{"rendered":"Priser"},"content":{"rendered":"<h2>OVERNATNING<\/h2>\n<table xmlns=\"http:\/\/www.w3.org\/1999\/xhtml\" cellspacing=\"0\" cellpadding=\"0\" dir=\"ltr\" border=\"1\" width=\"534\" height=\"584\">\n<colgroup>\n<col width=\"342\" \/>\n<col width=\"100\" \/><\/colgroup>\n<tbody>\n<tr>\n<td data-sheets-value=\"{&quot;1&quot;:2,&quot;2&quot;:&quot;\\&quot;Nye lejligheder\\&quot; - oppe ved Gaia&quot;}\"><strong>&#8220;Nye lejligheder&#8221; &#8211; oppe ved Gaia<\/strong><\/td>\n<td data-sheets-value=\"{&quot;1&quot;:2,&quot;2&quot;:&quot;Pris 2024&quot;}\" style=\"text-align: center;\"><strong>Pris 2026*<\/strong><\/td>\n<\/tr>\n<tr>\n<td rowspan=\"1\" colspan=\"2\" data-sheets-value=\"{&quot;1&quot;:2,&quot;2&quot;:&quot;7 dage&quot;}\"><strong><span style=\"color: #ff0073;\">5 dage <\/span><\/strong><span style=\"color: #ff0073;\">(s\u00f8n 8. feb &#8211; fre 13. feb)<\/span><\/td>\n<\/tr>\n<tr>\n<td data-sheets-value=\"{&quot;1&quot;:2,&quot;2&quot;:&quot;11-pers&quot;}\" style=\"padding-left: 40px;\">11-pers (4 sovev\u00e6relser)<\/td>\n<td data-sheets-value=\"{&quot;1&quot;:3,&quot;3&quot;:30750}\" data-sheets-numberformat=\"{&quot;1&quot;:2,&quot;2&quot;:&quot;#,##0&quot;,&quot;3&quot;:1}\" style=\"text-align: center;\">29.750<\/td>\n<\/tr>\n<tr>\n<td data-sheets-value=\"{&quot;1&quot;:2,&quot;2&quot;:&quot;7 pers&quot;}\" style=\"padding-left: 40px;\">7 pers (3 sovev\u00e6relser) UDSOLGT<\/td>\n<td data-sheets-value=\"{&quot;1&quot;:3,&quot;3&quot;:21250}\" data-sheets-numberformat=\"{&quot;1&quot;:2,&quot;2&quot;:&quot;#,##0&quot;,&quot;3&quot;:1}\" style=\"text-align: center;\">20.500<\/td>\n<\/tr>\n<tr>\n<td data-sheets-value=\"{&quot;1&quot;:2,&quot;2&quot;:&quot;6 pers&quot;}\" style=\"padding-left: 40px;\">6 pers (3 sovev\u00e6relser) UDSOLGT<\/td>\n<td data-sheets-value=\"{&quot;1&quot;:3,&quot;3&quot;:19500}\" data-sheets-numberformat=\"{&quot;1&quot;:2,&quot;2&quot;:&quot;#,##0&quot;,&quot;3&quot;:1}\" style=\"text-align: center;\">19.500<\/td>\n<\/tr>\n<tr>\n<td rowspan=\"1\" colspan=\"2\" data-sheets-value=\"{&quot;1&quot;:2,&quot;2&quot;:&quot;5 dage&quot;}\"><strong><span style=\"color: #ff0073;\">7 dage <\/span><\/strong><span style=\"color: #ff0073;\">(fre 6. feb &#8211; fre 13. feb)<\/span><\/td>\n<\/tr>\n<tr>\n<td data-sheets-value=\"{&quot;1&quot;:2,&quot;2&quot;:&quot;11-pers&quot;}\" style=\"padding-left: 40px;\">11-pers (4 sovev\u00e6relser)<\/td>\n<td data-sheets-value=\"{&quot;1&quot;:3,&quot;3&quot;:26500}\" data-sheets-numberformat=\"{&quot;1&quot;:2,&quot;2&quot;:&quot;#,##0&quot;,&quot;3&quot;:1}\" style=\"text-align: center;\">32.750<\/td>\n<\/tr>\n<tr>\n<td data-sheets-value=\"{&quot;1&quot;:2,&quot;2&quot;:&quot;7 pers&quot;}\" style=\"padding-left: 40px;\">7 pers (3 sovev\u00e6relser) UDSOLGT<\/td>\n<td data-sheets-value=\"{&quot;1&quot;:3,&quot;3&quot;:18500}\" data-sheets-numberformat=\"{&quot;1&quot;:2,&quot;2&quot;:&quot;#,##0&quot;,&quot;3&quot;:1}\" style=\"text-align: center;\">22.000<\/td>\n<\/tr>\n<tr>\n<td data-sheets-value=\"{&quot;1&quot;:2,&quot;2&quot;:&quot;6 pers&quot;}\" style=\"padding-left: 40px;\">6 pers (3 sovev\u00e6relser) UDSOLGT<\/td>\n<td data-sheets-value=\"{&quot;1&quot;:3,&quot;3&quot;:17000}\" data-sheets-numberformat=\"{&quot;1&quot;:2,&quot;2&quot;:&quot;#,##0&quot;,&quot;3&quot;:1}\" style=\"text-align: center;\">21.250<\/td>\n<\/tr>\n<tr>\n<td>\u00a0 \u00a0 \u00a0 \u00a0(Evt. mulighed for 2 el. 4 pers.)<\/td>\n<td data-sheets-numberformat=\"{&quot;1&quot;:2,&quot;2&quot;:&quot;#,##0&quot;,&quot;3&quot;:1}\"><\/td>\n<\/tr>\n<tr>\n<td><\/td>\n<td data-sheets-numberformat=\"{&quot;1&quot;:2,&quot;2&quot;:&quot;#,##0&quot;,&quot;3&quot;:1}\"><\/td>\n<\/tr>\n<tr>\n<td data-sheets-value=\"{&quot;1&quot;:2,&quot;2&quot;:&quot;\\&quot;Gamle\\&quot; lejligheder - ned ad vejen&quot;}\"><strong>&#8220;Gamle&#8221; (nyistandsatte) hytter &#8211; ned ad vejen<\/strong><\/td>\n<td data-sheets-value=\"{&quot;1&quot;:2,&quot;2&quot;:&quot;Pris 2024&quot;}\" data-sheets-numberformat=\"{&quot;1&quot;:2,&quot;2&quot;:&quot;#,##0&quot;,&quot;3&quot;:1}\" style=\"text-align: center;\"><strong>Pris 2026*<\/strong><\/td>\n<\/tr>\n<tr>\n<td rowspan=\"1\" colspan=\"2\" data-sheets-value=\"{&quot;1&quot;:2,&quot;2&quot;:&quot;7 dage&quot;}\"><strong><span style=\"color: #ff0073;\">5 dage <\/span><\/strong><span style=\"color: #ff0073;\">(s\u00f8n 8. feb &#8211; fre 13. feb)<\/span><\/td>\n<\/tr>\n<tr>\n<td data-sheets-value=\"{&quot;1&quot;:2,&quot;2&quot;:&quot;7 el. 8 pers&quot;}\" style=\"padding-left: 40px;\">5, 6, 7-8 pers KUN 5-PERS TILBAGE<\/td>\n<td data-sheets-value=\"{&quot;1&quot;:3,&quot;3&quot;:19750}\" data-sheets-numberformat=\"{&quot;1&quot;:2,&quot;2&quot;:&quot;#,##0&quot;,&quot;3&quot;:1}\" style=\"text-align: center;\">18.250<\/td>\n<\/tr>\n<tr>\n<td data-sheets-value=\"{&quot;1&quot;:2,&quot;2&quot;:&quot;6 pers&quot;}\" style=\"padding-left: 40px;\"><\/td>\n<td data-sheets-value=\"{&quot;1&quot;:3,&quot;3&quot;:18000}\" data-sheets-numberformat=\"{&quot;1&quot;:2,&quot;2&quot;:&quot;#,##0&quot;,&quot;3&quot;:1}\" style=\"text-align: center;\"><\/td>\n<\/tr>\n<tr>\n<td rowspan=\"1\" colspan=\"2\" data-sheets-value=\"{&quot;1&quot;:2,&quot;2&quot;:&quot;5 dage&quot;}\"><strong><span style=\"color: #ff0073;\">7 dage <\/span><\/strong><span style=\"color: #ff0073;\">(fre 6. feb &#8211; fre 13. feb)<\/span><\/td>\n<\/tr>\n<tr>\n<td data-sheets-value=\"{&quot;1&quot;:2,&quot;2&quot;:&quot;7 el. 8 pers&quot;}\" style=\"padding-left: 40px;\">5, 6, 7-8 pers KUN 5-PERS TILBAGE<\/td>\n<td data-sheets-value=\"{&quot;1&quot;:3,&quot;3&quot;:16500}\" data-sheets-numberformat=\"{&quot;1&quot;:2,&quot;2&quot;:&quot;#,##0&quot;,&quot;3&quot;:1}\" style=\"text-align: center;\">20.500<\/td>\n<\/tr>\n<tr>\n<td data-sheets-value=\"{&quot;1&quot;:2,&quot;2&quot;:&quot;6 pers&quot;}\" style=\"padding-left: 40px;\"><\/td>\n<td data-sheets-value=\"{&quot;1&quot;:3,&quot;3&quot;:15250}\" data-sheets-numberformat=\"{&quot;1&quot;:2,&quot;2&quot;:&quot;#,##0&quot;,&quot;3&quot;:1}\" style=\"text-align: center;\"><\/td>\n<\/tr>\n<\/tbody>\n<\/table>\n<p><google-sheets-html-origin><span style=\"color: #ff0073;\"><span style=\"color: #000000;\">*I<\/span><\/span><span style=\"color: #ff0073; font-size: revert; font-weight: revert; font-family: inherit;\"><span style=\"color: #000000;\">nkl. slutreng\u00f8ring<\/span><\/span><\/google-sheets-html-origin><\/p>\n<p>L\u00e6s mere om de forskellige hytter\/lejligheder <a href=\"http:\/\/annehodal.dk\/hafjell\/om-turen\/hytter\/\">her<\/a>.<\/p>\n<h4><b><u>\u00a0<\/u><\/b><\/h4>\n<h2>LIFTKORT<span style=\"color: #c42f70;\">\u00a0<\/span><\/h2>\n<p>L\u00e6s mere om liftkort <a href=\"http:\/\/annehodal.dk\/hafjell\/om-turen\/liftkort-ski-skiskole\/\">her<\/a>.<\/p>\n<table xmlns=\"http:\/\/www.w3.org\/1999\/xhtml\" cellspacing=\"0\" cellpadding=\"0\" dir=\"ltr\" border=\"1\" width=\"534\" height=\"596\">\n<colgroup>\n<col width=\"342\" \/>\n<col width=\"100\" \/><\/colgroup>\n<tbody>\n<tr>\n<td data-sheets-value=\"{&quot;1&quot;:2,&quot;2&quot;:&quot;Liftkort 6-8 dg&quot;}\"><strong><span style=\"color: #ff0073;\">Liftkort 6-8 dg<\/span><\/strong><\/td>\n<td data-sheets-value=\"{&quot;1&quot;:2,&quot;2&quot;:&quot;Pris 2024*&quot;}\" data-sheets-numberformat=\"{&quot;1&quot;:2,&quot;2&quot;:&quot;#,##0&quot;,&quot;3&quot;:1}\" style=\"text-align: center;\"><strong>Pris 2026**<\/strong><\/td>\n<\/tr>\n<tr>\n<td data-sheets-value=\"{&quot;1&quot;:2,&quot;2&quot;:&quot;Voksen&quot;}\" style=\"padding-left: 40px;\">Voksen<\/td>\n<td data-sheets-value=\"{&quot;1&quot;:3,&quot;3&quot;:2000}\" data-sheets-numberformat=\"{&quot;1&quot;:2,&quot;2&quot;:&quot;0&quot;,&quot;3&quot;:1}\" style=\"text-align: center;\">2000<\/td>\n<\/tr>\n<tr>\n<td data-sheets-value=\"{&quot;1&quot;:2,&quot;2&quot;:&quot;Barn\/senior&quot;}\" style=\"padding-left: 40px;\">Barn* (7-17 \u00e5r)<\/td>\n<td data-sheets-value=\"{&quot;1&quot;:3,&quot;3&quot;:1650}\" data-sheets-numberformat=\"{&quot;1&quot;:2,&quot;2&quot;:&quot;0&quot;,&quot;3&quot;:1}\" style=\"text-align: center;\">1650<\/td>\n<\/tr>\n<tr>\n<td style=\"padding-left: 40px;\">Senior (&gt;65 \u00e5r)<\/td>\n<td style=\"text-align: center;\">1700<\/td>\n<\/tr>\n<tr>\n<td data-sheets-value=\"{&quot;1&quot;:2,&quot;2&quot;:&quot;Liftkort 5 dg&quot;}\"><strong><span style=\"color: #ff0073;\">Liftkort 5 dg<\/span><\/strong><\/td>\n<td><\/td>\n<\/tr>\n<tr>\n<td data-sheets-value=\"{&quot;1&quot;:2,&quot;2&quot;:&quot;Voksen&quot;}\" style=\"padding-left: 40px;\">Voksen<\/td>\n<td data-sheets-value=\"{&quot;1&quot;:3,&quot;3&quot;:1800}\" data-sheets-numberformat=\"{&quot;1&quot;:2,&quot;2&quot;:&quot;0&quot;,&quot;3&quot;:1}\" style=\"text-align: center;\">1750<\/td>\n<\/tr>\n<tr>\n<td data-sheets-value=\"{&quot;1&quot;:2,&quot;2&quot;:&quot;Barn\/senior&quot;}\" style=\"padding-left: 40px;\">Barn* (7-17 \u00e5r)<\/td>\n<td data-sheets-value=\"{&quot;1&quot;:3,&quot;3&quot;:1450}\" data-sheets-numberformat=\"{&quot;1&quot;:2,&quot;2&quot;:&quot;0&quot;,&quot;3&quot;:1}\" style=\"text-align: center;\">1450<\/td>\n<\/tr>\n<tr>\n<td style=\"padding-left: 40px;\">Senior (&gt;65 \u00e5r)<\/td>\n<td style=\"text-align: center;\">1500<\/td>\n<\/tr>\n<tr>\n<td data-sheets-value=\"{&quot;1&quot;:2,&quot;2&quot;:&quot;Liftkort 4 dg&quot;}\"><strong><span style=\"color: #ff0073;\">Liftkort 4 dg<\/span><\/strong><\/td>\n<td><\/td>\n<\/tr>\n<tr>\n<td data-sheets-value=\"{&quot;1&quot;:2,&quot;2&quot;:&quot;Voksen&quot;}\" style=\"padding-left: 40px;\">Voksen<\/td>\n<td data-sheets-value=\"{&quot;1&quot;:3,&quot;3&quot;:1600}\" data-sheets-numberformat=\"{&quot;1&quot;:2,&quot;2&quot;:&quot;0&quot;,&quot;3&quot;:1}\" style=\"text-align: center;\">(Foresp\u00f8rgsel)<\/td>\n<\/tr>\n<tr>\n<td data-sheets-value=\"{&quot;1&quot;:2,&quot;2&quot;:&quot;Barn\/senior&quot;}\" style=\"padding-left: 40px;\">Barn* (7-17 \u00e5r)\/ senior (&gt;65)<\/td>\n<td data-sheets-value=\"{&quot;1&quot;:3,&quot;3&quot;:1300}\" data-sheets-numberformat=\"{&quot;1&quot;:2,&quot;2&quot;:&quot;0&quot;,&quot;3&quot;:1}\" style=\"text-align: center;\">(Foresp\u00f8rgsel)<\/td>\n<\/tr>\n<tr>\n<td><\/td>\n<td><\/td>\n<\/tr>\n<tr>\n<td data-sheets-value=\"{&quot;1&quot;:2,&quot;2&quot;:&quot;Liftkort 3 dg&quot;}\"><strong><span style=\"color: #ff0073;\">Liftkort 3 dg<\/span><\/strong><\/td>\n<td><\/td>\n<\/tr>\n<tr>\n<td data-sheets-value=\"{&quot;1&quot;:2,&quot;2&quot;:&quot;Voksen&quot;}\" style=\"padding-left: 40px;\">Voksen<\/td>\n<td data-sheets-value=\"{&quot;1&quot;:3,&quot;3&quot;:1300}\" data-sheets-numberformat=\"{&quot;1&quot;:2,&quot;2&quot;:&quot;0&quot;,&quot;3&quot;:1}\" style=\"text-align: center;\">(Foresp\u00f8rgsel)<\/td>\n<\/tr>\n<tr>\n<td data-sheets-value=\"{&quot;1&quot;:2,&quot;2&quot;:&quot;Barn\/senior&quot;}\" style=\"padding-left: 40px;\">Barn* (7-17 \u00e5r)\/ senior (&gt;65)<\/td>\n<td data-sheets-value=\"{&quot;1&quot;:3,&quot;3&quot;:1050}\" data-sheets-numberformat=\"{&quot;1&quot;:2,&quot;2&quot;:&quot;0&quot;,&quot;3&quot;:1}\" style=\"text-align: center;\">(Foresp\u00f8rgsel)<\/td>\n<\/tr>\n<tr>\n<td><\/td>\n<td data-sheets-numberformat=\"{&quot;1&quot;:2,&quot;2&quot;:&quot;#,##0&quot;,&quot;3&quot;:1}\"><\/td>\n<\/tr>\n<tr>\n<td data-sheets-value=\"{&quot;1&quot;:2,&quot;2&quot;:&quot;* Inklusiv Access Card a 75 kr&quot;}\">* B\u00f8rn under 7 f\u00e5r gratis liftkort (skal dog bestilles)<br \/>\n** Inklusiv Access Card a 75 kr<\/td>\n<\/tr>\n<\/tbody>\n<\/table>\n<h3><\/h3>\n<h3>SKILEJE<\/h3>\n<p>Vi bestiller skiene hjemmefra &#8211; det giver os en fin rabat og s\u00e5 er vi sikre p\u00e5, at de st\u00e5r klar, n\u00e5r vi ankommer, s\u00e5 vi hurtigt kan komme ud p\u00e5 pisterne.<\/p>\n<p>Mere info f\u00f8lger p\u00e5 mail efter tilmelding. I mellemtiden kan man studere ski-mulighederne <a href=\"https:\/\/www.hafjell.no\/vinter\/hafjell-alpinsenter-hytter-og-leiligheter-skiskole-og-skiutleie\">her<\/a>.<\/p>\n<h3><\/h3>\n<p><a href=\"http:\/\/annehodal.dk\/hafjell\/tilmelding\/\" role=\"button\"><br \/>\nTilmeld<br \/>\n<\/a><\/p>\n<h3>Depositum\/betaling<\/h3>\n<p>Depositum udg\u00f8r 50% af turens samlede pris, og skal indbetales ved tilmelding (man m\u00e5 ogs\u00e5 gerne indbetale hele bel\u00f8bet, hvis man vil have det overst\u00e5et p\u00e5 \u00e9n gang). Anden halvdel af prisen opkr\u00e6ves i januar.<\/p>\n<p>&#8211;<\/p>\n","protected":false},"excerpt":{"rendered":"<p>OVERNATNING &#8220;Nye lejligheder&#8221; &#8211; oppe ved Gaia Pris 2026* 5 dage (s\u00f8n 8. feb &#8211; fre 13. feb) 11-pers (4 sovev\u00e6relser) 29.750 7 pers (3 sovev\u00e6relser) UDSOLGT 20.500 6 pers (3 sovev\u00e6relser) UDSOLGT 19.500 7 dage (fre 6. feb &#8211; fre 13. feb) 11-pers (4 sovev\u00e6relser) 32.750 7 pers (3 [&hellip;]<\/p>\n","protected":false},"author":1,"featured_media":925,"parent":11,"menu_order":5,"comment_status":"closed","ping_status":"closed","template":"","meta":{"_themeisle_gutenberg_block_has_review":false,"footnotes":""},"class_list":["post-10","page","type-page","status-publish","has-post-thumbnail","hentry"],"_links":{"self":[{"href":"http:\/\/annehodal.dk\/hafjell\/wp-json\/wp\/v2\/pages\/10","targetHints":{"allow":["GET"]}}],"collection":[{"href":"http:\/\/annehodal.dk\/hafjell\/wp-json\/wp\/v2\/pages"}],"about":[{"href":"http:\/\/annehodal.dk\/hafjell\/wp-json\/wp\/v2\/types\/page"}],"author":[{"embeddable":true,"href":"http:\/\/annehodal.dk\/hafjell\/wp-json\/wp\/v2\/users\/1"}],"replies":[{"embeddable":true,"href":"http:\/\/annehodal.dk\/hafjell\/wp-json\/wp\/v2\/comments?post=10"}],"version-history":[{"count":291,"href":"http:\/\/annehodal.dk\/hafjell\/wp-json\/wp\/v2\/pages\/10\/revisions"}],"predecessor-version":[{"id":1914,"href":"http:\/\/annehodal.dk\/hafjell\/wp-json\/wp\/v2\/pages\/10\/revisions\/1914"}],"up":[{"embeddable":true,"href":"http:\/\/annehodal.dk\/hafjell\/wp-json\/wp\/v2\/pages\/11"}],"wp:featuredmedia":[{"embeddable":true,"href":"http:\/\/annehodal.dk\/hafjell\/wp-json\/wp\/v2\/media\/925"}],"wp:attachment":[{"href":"http:\/\/annehodal.dk\/hafjell\/wp-json\/wp\/v2\/media?parent=10"}],"curies":[{"name":"wp","href":"https:\/\/api.w.org\/{rel}","templated":true}]}}